{"id":70,"date":"2010-07-10T16:12:32","date_gmt":"2010-07-10T14:12:32","guid":{"rendered":"http:\/\/africacruiser.de\/afrika\/?page_id=70"},"modified":"2011-10-18T11:59:26","modified_gmt":"2011-10-18T09:59:26","slug":"die-reise","status":"publish","type":"page","link":"https:\/\/africacruiser.de\/afrika\/die-reise\/","title":{"rendered":"Die Reise"},"content":{"rendered":"<p>Losfahren und eine richtig lange Reise unternehmen, das ist\u00a0unser Traum. Mit einem robusten gel\u00e4ndeg\u00e4ngigen Auto, in dem man schlafen kann, ferne L\u00e4nder und exotische Landschaften bereisen. Tiere entdecken, Menschen kennenlernen und in fremde Kulturen eintauchen. Afrika ist der Kontinent, den wir zehn Monate lang bereisen wollen.<\/p>\n<p>Am 3. August 2010 sind wir\u00a0losgefahren, von Frankfurt aus \u00fcber \u00d6sterreich, Ungarn, Serbien und Bulgarien \u00fcber den Bosporus in die T\u00fcrkei, weiter nach Syrien und Jordanien. Dann mit der F\u00e4hre nach \u00c4gypten, und wieder mit der F\u00e4hre \u00fcber den Nasser-Stausee in den Sudan.\u00a0Danach\u00a0\u00c4thiopien, Kenia, Tansania, Malawi und\u00a0Sambia. Weiter nach Namibia\u00a0und dann wieder nach Osten \u00fcber Botswana und\u00a0S\u00fcdafrika nach Mocambique. Von dort wieder zur\u00fcck nach S\u00fcdafrika, durch Swaziland und Lesotho, dann weiter Richtung S\u00fcden, bis es\u00a0Ende April 2011 auf einem Schiff\u00a0von Cape Town\u00a0aus\u00a0Richtung Spanien ging. Von dort \u00fcber\u00a0Frankreich und die Schweiz wieder nach Deutschland zur\u00fcck.<\/p>\n<p><a href=\"https:\/\/africacruiser.de\/afrika\/wp-content\/uploads\/2010\/07\/unsere-afrika-route_71.jpg\"><img loading=\"lazy\" decoding=\"async\" class=\"alignleft size-medium wp-image-1419\" title=\"africacruiser route aug 2010 to may 2011\" src=\"https:\/\/africacruiser.de\/afrika\/wp-content\/uploads\/2010\/07\/unsere-afrika-route_71-297x300.jpg\" alt=\"\" width=\"327\" height=\"306\" \/><\/a><\/p>\n<p>Zum Vergr\u00f6\u00dfern einfach auf die Karte klicken.\u00a0<\/p>\n<p>This africa map shows the route we\u00a0have\u00a0travelled.<\/p>\n","protected":false},"excerpt":{"rendered":"<p>Losfahren und eine richtig lange Reise unternehmen, das ist\u00a0unser Traum. Mit einem robusten gel\u00e4ndeg\u00e4ngigen Auto, in dem man schlafen kann, ferne L\u00e4nder und exotische Landschaften bereisen. Tiere entdecken, Menschen kennenlernen und in fremde Kulturen eintauchen. Afrika ist der Kontinent, den &hellip; <a href=\"https:\/\/africacruiser.de\/afrika\/die-reise\/\">Weiterlesen <span class=\"meta-nav\">&rarr;<\/span><\/a><\/p>\n","protected":false},"author":2,"featured_media":0,"parent":0,"menu_order":0,"comment_status":"open","ping_status":"open","template":"","meta":{"footnotes":"","_links_to":"","_links_to_target":""},"_links":{"self":[{"href":"https:\/\/africacruiser.de\/afrika\/wp-json\/wp\/v2\/pages\/70"}],"collection":[{"href":"https:\/\/africacruiser.de\/afrika\/wp-json\/wp\/v2\/pages"}],"about":[{"href":"https:\/\/africacruiser.de\/afrika\/wp-json\/wp\/v2\/types\/page"}],"author":[{"embeddable":true,"href":"https:\/\/africacruiser.de\/afrika\/wp-json\/wp\/v2\/users\/2"}],"replies":[{"embeddable":true,"href":"https:\/\/africacruiser.de\/afrika\/wp-json\/wp\/v2\/comments?post=70"}],"version-history":[{"count":17,"href":"https:\/\/africacruiser.de\/afrika\/wp-json\/wp\/v2\/pages\/70\/revisions"}],"predecessor-version":[{"id":1421,"href":"https:\/\/africacruiser.de\/afrika\/wp-json\/wp\/v2\/pages\/70\/revisions\/1421"}],"wp:attachment":[{"href":"https:\/\/africacruiser.de\/afrika\/wp-json\/wp\/v2\/media?parent=70"}],"curies":[{"name":"wp","href":"https:\/\/api.w.org\/{rel}","templated":true}]}}