{"id":2,"date":"2010-06-21T19:15:30","date_gmt":"2010-06-21T17:15:30","guid":{"rendered":"http:\/\/africacruiser.de\/afrika\/?page_id=2"},"modified":"2010-07-19T20:50:02","modified_gmt":"2010-07-19T18:50:02","slug":"about","status":"publish","type":"page","link":"https:\/\/africacruiser.de\/afrika\/about\/","title":{"rendered":"Kontakt"},"content":{"rendered":"<p><strong>Kontakt<\/strong><\/p>\n<p><span style=\"color: #000000;\">Please send\u00a0your emails to:<\/span><\/p>\n<p><span style=\"color: #ff0000;\">marc (at) africacruiser.de<\/span><\/p>\n<p><span style=\"color: #ff0000;\">dela (at) africacruiser.de<\/span><\/p>\n<p><strong>\u00a0<\/strong><\/p>\n<p><strong>Impressum<\/strong><\/p>\n<p><strong>Anschrift<\/strong>:<\/p>\n<p>Dela\u00a0&amp; Marc<\/p>\n<p>60594 Frankfurt am Main, Germany<\/p>\n<p><a href=\"mailto:marc@africacruiser.de\">marc (at) africacruiser.de<\/a><\/p>\n<p>Verantwortlich f\u00fcr den Internetauftritt:\u00a0Marc<\/p>\n<p><strong>Hinweis<\/strong>:<\/p>\n<p>Mit Urteil vom 12. Mai 1998 hat das Landgericht Hamburg entschieden, dass man durch die Ausbringung eines Links die Inhalte der gelinkten Seite ggf. mit zu verantworten hat. Dieses kann &#8211; so das LG &#8211; nur dadurch verhindert werden, dass man sich ausdr\u00fccklich von diesen Inhalten distanziert. Auf dieser Website sind Links zu anderen Seiten im Internet gelegt. Wir weisen hiermit ausdr\u00fccklich darauf hin, dass wir keinerlei Einflu\u00df auf Gestaltung und Inhalte der verlinkten Seiten haben. Daher distanzieren wir uns hiermit ausdr\u00fccklich von den Inhalten aller durch Text- und \/ oder Bannerlinks verbundenen Seiten und verweisen auf die Verantwortlichkeit der dort zust\u00e4ndigen Betreiber und Webmaster. Wir bitten alle unsere Besucher uns auf Links mit bedenklichen Inhalten hinzuweisen.<\/p>\n","protected":false},"excerpt":{"rendered":"<p>Kontakt Please send\u00a0your emails to: marc (at) africacruiser.de dela (at) africacruiser.de \u00a0 Impressum Anschrift: Dela\u00a0&amp; Marc 60594 Frankfurt am Main, Germany marc (at) africacruiser.de Verantwortlich f\u00fcr den Internetauftritt:\u00a0Marc Hinweis: Mit Urteil vom 12. Mai 1998 hat das Landgericht Hamburg entschieden, &hellip; <a href=\"https:\/\/africacruiser.de\/afrika\/about\/\">Weiterlesen <span class=\"meta-nav\">&rarr;<\/span><\/a><\/p>\n","protected":false},"author":3,"featured_media":0,"parent":0,"menu_order":0,"comment_status":"closed","ping_status":"closed","template":"","meta":{"footnotes":"","_links_to":"","_links_to_target":""},"_links":{"self":[{"href":"https:\/\/africacruiser.de\/afrika\/wp-json\/wp\/v2\/pages\/2"}],"collection":[{"href":"https:\/\/africacruiser.de\/afrika\/wp-json\/wp\/v2\/pages"}],"about":[{"href":"https:\/\/africacruiser.de\/afrika\/wp-json\/wp\/v2\/types\/page"}],"author":[{"embeddable":true,"href":"https:\/\/africacruiser.de\/afrika\/wp-json\/wp\/v2\/users\/3"}],"replies":[{"embeddable":true,"href":"https:\/\/africacruiser.de\/afrika\/wp-json\/wp\/v2\/comments?post=2"}],"version-history":[{"count":8,"href":"https:\/\/africacruiser.de\/afrika\/wp-json\/wp\/v2\/pages\/2\/revisions"}],"predecessor-version":[{"id":6,"href":"https:\/\/africacruiser.de\/afrika\/wp-json\/wp\/v2\/pages\/2\/revisions\/6"}],"wp:attachment":[{"href":"https:\/\/africacruiser.de\/afrika\/wp-json\/wp\/v2\/media?parent=2"}],"curies":[{"name":"wp","href":"https:\/\/api.w.org\/{rel}","templated":true}]}}